{"id":915,"date":"2014-09-13T18:26:08","date_gmt":"2014-09-13T17:26:08","guid":{"rendered":"http:\/\/www.senneby-by.se\/?page_id=915"},"modified":"2014-09-14T07:27:37","modified_gmt":"2014-09-14T06:27:37","slug":"tips","status":"publish","type":"page","link":"https:\/\/www.senneby-by.se\/?page_id=915","title":{"rendered":"Tips f\u00f6r hur du anv\u00e4nder hemsidan"},"content":{"rendered":"<p>&nbsp;<\/p>\n<p>I nedanst\u00e5ende l\u00e4nk f\u00e5r\u00a0du tips hur du\u00a0anv\u00e4nder hemsidan.<\/p>\n<p><strong><a href=\"http:\/\/www.senneby-by.se\/wp-content\/uploads\/2014\/01\/Navigeringstips.pdf\">Tips hur du anv\u00e4nder hemsidan<\/a><\/strong><\/p>\n","protected":false},"excerpt":{"rendered":"<p>&nbsp; I nedanst\u00e5ende l\u00e4nk f\u00e5r\u00a0du tips hur du\u00a0anv\u00e4nder hemsidan. Tips hur du anv\u00e4nder hemsidan<\/p>\n","protected":false},"author":1,"featured_media":0,"parent":83,"menu_order":0,"comment_status":"closed","ping_status":"closed","template":"","meta":[],"_links":{"self":[{"href":"https:\/\/www.senneby-by.se\/index.php?rest_route=\/wp\/v2\/pages\/915"}],"collection":[{"href":"https:\/\/www.senneby-by.se\/index.php?rest_route=\/wp\/v2\/pages"}],"about":[{"href":"https:\/\/www.senneby-by.se\/index.php?rest_route=\/wp\/v2\/types\/page"}],"author":[{"embeddable":true,"href":"https:\/\/www.senneby-by.se\/index.php?rest_route=\/wp\/v2\/users\/1"}],"replies":[{"embeddable":true,"href":"https:\/\/www.senneby-by.se\/index.php?rest_route=%2Fwp%2Fv2%2Fcomments&post=915"}],"version-history":[{"count":6,"href":"https:\/\/www.senneby-by.se\/index.php?rest_route=\/wp\/v2\/pages\/915\/revisions"}],"predecessor-version":[{"id":922,"href":"https:\/\/www.senneby-by.se\/index.php?rest_route=\/wp\/v2\/pages\/915\/revisions\/922"}],"up":[{"embeddable":true,"href":"https:\/\/www.senneby-by.se\/index.php?rest_route=\/wp\/v2\/pages\/83"}],"wp:attachment":[{"href":"https:\/\/www.senneby-by.se\/index.php?rest_route=%2Fwp%2Fv2%2Fmedia&parent=915"}],"curies":[{"name":"wp","href":"https:\/\/api.w.org\/{rel}","templated":true}]}}