{"id":793,"date":"2014-04-14T09:49:08","date_gmt":"2014-04-14T08:49:08","guid":{"rendered":"http:\/\/www.senneby-by.se\/?page_id=793"},"modified":"2019-02-13T15:56:31","modified_gmt":"2019-02-13T14:56:31","slug":"lankar","status":"publish","type":"page","link":"https:\/\/www.senneby-by.se\/?page_id=793","title":{"rendered":"L\u00e4nkar"},"content":{"rendered":"<p>H\u00e4r\u00a0nedan hittar du \u00a0n\u00e5gra l\u00e4nkar som har anknytning till Senneby. De \u00e4r uppst\u00e4llda\u00a0i\u00a0f\u00f6rh\u00e5llande till avst\u00e5nd fr\u00e5n Senneby.<\/p>\n<p>W<a href=\"https:\/\/sv.wikipedia.org\/wiki\/Senneby\">ikipedia<\/a><\/p>\n<p><a href=\"http:\/\/www.vaddohembygdsforening.se\/\">Kista Hembygdsg\u00e5rd<\/a><\/p>\n<p><a href=\"http:\/\/rangarno.se\/\">Rangarn\u00f6<\/a><\/p>\n<p><a href=\"http:\/\/sandvikenveda.weebly.com\/historik.html\">Sandvikens och Veda<\/a><\/p>\n<p><a href=\"http:\/\/www.edeby-by.se\/\">Edeby<\/a><\/p>\n<p><span style=\"text-decoration: underline;\">L\u00e4nkar som har anknytning till Roslagen<\/span><\/p>\n<p>En sida om sl\u00e4kt och soldatforskning och mycket om Roslagen. D\u00e4r finns ocks\u00e5 om Roslagens ortsnamn och \u00f6ar.<\/p>\n<ul>\n<li><a href=\"http:\/\/paroll.dinstudio.se\">http:\/\/paroll.dinstudio.se<\/a><\/li>\n<\/ul>\n","protected":false},"excerpt":{"rendered":"<p>H\u00e4r\u00a0nedan hittar du \u00a0n\u00e5gra l\u00e4nkar som har anknytning till Senneby. De \u00e4r uppst\u00e4llda\u00a0i\u00a0f\u00f6rh\u00e5llande till avst\u00e5nd fr\u00e5n Senneby. Wikipedia Kista Hembygdsg\u00e5rd Rangarn\u00f6 Sandvikens och Veda Edeby L\u00e4nkar som har anknytning till Roslagen En sida om sl\u00e4kt och soldatforskning och mycket om &hellip; <a href=\"https:\/\/www.senneby-by.se\/?page_id=793\">Forts\u00e4tt l\u00e4sa <span class=\"meta-nav\">&rarr;<\/span><\/a><\/p>\n","protected":false},"author":1,"featured_media":0,"parent":175,"menu_order":2,"comment_status":"closed","ping_status":"closed","template":"","meta":[],"_links":{"self":[{"href":"https:\/\/www.senneby-by.se\/index.php?rest_route=\/wp\/v2\/pages\/793"}],"collection":[{"href":"https:\/\/www.senneby-by.se\/index.php?rest_route=\/wp\/v2\/pages"}],"about":[{"href":"https:\/\/www.senneby-by.se\/index.php?rest_route=\/wp\/v2\/types\/page"}],"author":[{"embeddable":true,"href":"https:\/\/www.senneby-by.se\/index.php?rest_route=\/wp\/v2\/users\/1"}],"replies":[{"embeddable":true,"href":"https:\/\/www.senneby-by.se\/index.php?rest_route=%2Fwp%2Fv2%2Fcomments&post=793"}],"version-history":[{"count":10,"href":"https:\/\/www.senneby-by.se\/index.php?rest_route=\/wp\/v2\/pages\/793\/revisions"}],"predecessor-version":[{"id":1703,"href":"https:\/\/www.senneby-by.se\/index.php?rest_route=\/wp\/v2\/pages\/793\/revisions\/1703"}],"up":[{"embeddable":true,"href":"https:\/\/www.senneby-by.se\/index.php?rest_route=\/wp\/v2\/pages\/175"}],"wp:attachment":[{"href":"https:\/\/www.senneby-by.se\/index.php?rest_route=%2Fwp%2Fv2%2Fmedia&parent=793"}],"curies":[{"name":"wp","href":"https:\/\/api.w.org\/{rel}","templated":true}]}}