{"id":79,"date":"2012-07-16T18:36:49","date_gmt":"2012-07-16T18:36:49","guid":{"rendered":"http:\/\/www.senneby-by.se\/?page_id=79"},"modified":"2014-07-29T10:59:16","modified_gmt":"2014-07-29T09:59:16","slug":"byalaget","status":"publish","type":"page","link":"https:\/\/www.senneby-by.se\/?page_id=79","title":{"rendered":"Byalaget"},"content":{"rendered":"<p>Den h\u00e4r sidan kommer ev. anv\u00e4ndas av byalaget f\u00f6r interna dokument..<\/p>\n","protected":false},"excerpt":{"rendered":"<p>Den h\u00e4r sidan kommer ev. anv\u00e4ndas av byalaget f\u00f6r interna dokument..<\/p>\n","protected":false},"author":1,"featured_media":0,"parent":75,"menu_order":2,"comment_status":"closed","ping_status":"closed","template":"","meta":[],"_links":{"self":[{"href":"https:\/\/www.senneby-by.se\/index.php?rest_route=\/wp\/v2\/pages\/79"}],"collection":[{"href":"https:\/\/www.senneby-by.se\/index.php?rest_route=\/wp\/v2\/pages"}],"about":[{"href":"https:\/\/www.senneby-by.se\/index.php?rest_route=\/wp\/v2\/types\/page"}],"author":[{"embeddable":true,"href":"https:\/\/www.senneby-by.se\/index.php?rest_route=\/wp\/v2\/users\/1"}],"replies":[{"embeddable":true,"href":"https:\/\/www.senneby-by.se\/index.php?rest_route=%2Fwp%2Fv2%2Fcomments&post=79"}],"version-history":[{"count":5,"href":"https:\/\/www.senneby-by.se\/index.php?rest_route=\/wp\/v2\/pages\/79\/revisions"}],"predecessor-version":[{"id":884,"href":"https:\/\/www.senneby-by.se\/index.php?rest_route=\/wp\/v2\/pages\/79\/revisions\/884"}],"up":[{"embeddable":true,"href":"https:\/\/www.senneby-by.se\/index.php?rest_route=\/wp\/v2\/pages\/75"}],"wp:attachment":[{"href":"https:\/\/www.senneby-by.se\/index.php?rest_route=%2Fwp%2Fv2%2Fmedia&parent=79"}],"curies":[{"name":"wp","href":"https:\/\/api.w.org\/{rel}","templated":true}]}}