{"id":77,"date":"2012-07-16T18:36:36","date_gmt":"2012-07-16T18:36:36","guid":{"rendered":"http:\/\/www.senneby-by.se\/?page_id=77"},"modified":"2014-07-29T10:57:54","modified_gmt":"2014-07-29T09:57:54","slug":"vagforeningen","status":"publish","type":"page","link":"https:\/\/www.senneby-by.se\/?page_id=77","title":{"rendered":"V\u00e4gf\u00f6reningen"},"content":{"rendered":"<p>Den h\u00e4r sidan \u00e4r under uppbyggnad.Den kommer ev.att anv\u00e4ndas av v\u00e4gf\u00f6reningen.<\/p>\n","protected":false},"excerpt":{"rendered":"<p>Den h\u00e4r sidan \u00e4r under uppbyggnad.Den kommer ev.att anv\u00e4ndas av v\u00e4gf\u00f6reningen.<\/p>\n","protected":false},"author":1,"featured_media":0,"parent":75,"menu_order":1,"comment_status":"closed","ping_status":"closed","template":"","meta":[],"_links":{"self":[{"href":"https:\/\/www.senneby-by.se\/index.php?rest_route=\/wp\/v2\/pages\/77"}],"collection":[{"href":"https:\/\/www.senneby-by.se\/index.php?rest_route=\/wp\/v2\/pages"}],"about":[{"href":"https:\/\/www.senneby-by.se\/index.php?rest_route=\/wp\/v2\/types\/page"}],"author":[{"embeddable":true,"href":"https:\/\/www.senneby-by.se\/index.php?rest_route=\/wp\/v2\/users\/1"}],"replies":[{"embeddable":true,"href":"https:\/\/www.senneby-by.se\/index.php?rest_route=%2Fwp%2Fv2%2Fcomments&post=77"}],"version-history":[{"count":6,"href":"https:\/\/www.senneby-by.se\/index.php?rest_route=\/wp\/v2\/pages\/77\/revisions"}],"predecessor-version":[{"id":882,"href":"https:\/\/www.senneby-by.se\/index.php?rest_route=\/wp\/v2\/pages\/77\/revisions\/882"}],"up":[{"embeddable":true,"href":"https:\/\/www.senneby-by.se\/index.php?rest_route=\/wp\/v2\/pages\/75"}],"wp:attachment":[{"href":"https:\/\/www.senneby-by.se\/index.php?rest_route=%2Fwp%2Fv2%2Fmedia&parent=77"}],"curies":[{"name":"wp","href":"https:\/\/api.w.org\/{rel}","templated":true}]}}