{"id":73,"date":"2012-07-16T18:35:54","date_gmt":"2012-07-16T18:35:54","guid":{"rendered":"http:\/\/www.senneby-by.se\/?page_id=73"},"modified":"2015-11-11T16:44:53","modified_gmt":"2015-11-11T15:44:53","slug":"kartor","status":"publish","type":"page","link":"https:\/\/www.senneby-by.se\/?page_id=73","title":{"rendered":"Kartor"},"content":{"rendered":"<p>&nbsp;<\/p>\n<p>H\u00e4r presenteras ett urval kartor med anknytning till Senneby.<\/p>\n<ul>\n<li><strong><a href=\"http:\/\/www.senneby-by.se\/wp-content\/uploads\/2012\/12\/1825.pdf\">Karta \u00f6ver Senneby fr\u00e5n \u00e5r 1825 \u00a9 Lantm\u00e4teriet<\/a><\/strong><\/li>\n<li><strong><a href=\"http:\/\/www.senneby-by.se\/wp-content\/uploads\/2012\/12\/1825v\u00e4g.pdf\">V\u00e4gkarta fr\u00e5n 1825 \u00a9 Lantm\u00e4teriet<\/a><\/strong><\/li>\n<li><strong><a href=\"http:\/\/www.senneby-by.se\/wp-content\/uploads\/2013\/08\/karta-1901.pdf\">Karta 1901<\/a>\u00a9 Lantm\u00e4teriet<\/strong><\/li>\n<li><strong><a href=\"http:\/\/www.senneby-by.se\/wp-content\/uploads\/2012\/12\/2011.pdf\">Karta \u00f6ver Senneby fr\u00e5n \u00e5r 2011 \u00a9 Lantm\u00e4teriet<\/a><\/strong><\/li>\n<\/ul>\n<p>&nbsp;<\/p>\n<p><a href=\"http:\/\/www.senneby-by.se\/wp-content\/uploads\/2012\/07\/Senneby_Margareta.jpg\"><img decoding=\"async\" loading=\"lazy\" class=\"aligncenter size-full wp-image-235\" title=\"Senneby\" src=\"http:\/\/www.senneby-by.se\/wp-content\/uploads\/2012\/07\/Senneby_Margareta.jpg\" alt=\"\" width=\"1024\" height=\"739\" srcset=\"https:\/\/www.senneby-by.se\/wp-content\/uploads\/2012\/07\/Senneby_Margareta.jpg 1024w, https:\/\/www.senneby-by.se\/wp-content\/uploads\/2012\/07\/Senneby_Margareta-300x216.jpg 300w, https:\/\/www.senneby-by.se\/wp-content\/uploads\/2012\/07\/Senneby_Margareta-415x300.jpg 415w\" sizes=\"(max-width: 1024px) 100vw, 1024px\" \/><\/a><em>Flygfoto \u00f6ver Senneby<\/em><\/p>\n","protected":false},"excerpt":{"rendered":"<p>&nbsp; H\u00e4r presenteras ett urval kartor med anknytning till Senneby. Karta \u00f6ver Senneby fr\u00e5n \u00e5r 1825 \u00a9 Lantm\u00e4teriet V\u00e4gkarta fr\u00e5n 1825 \u00a9 Lantm\u00e4teriet Karta 1901\u00a9 Lantm\u00e4teriet Karta \u00f6ver Senneby fr\u00e5n \u00e5r 2011 \u00a9 Lantm\u00e4teriet &nbsp; Flygfoto \u00f6ver Senneby<\/p>\n","protected":false},"author":1,"featured_media":0,"parent":0,"menu_order":4,"comment_status":"closed","ping_status":"closed","template":"","meta":[],"_links":{"self":[{"href":"https:\/\/www.senneby-by.se\/index.php?rest_route=\/wp\/v2\/pages\/73"}],"collection":[{"href":"https:\/\/www.senneby-by.se\/index.php?rest_route=\/wp\/v2\/pages"}],"about":[{"href":"https:\/\/www.senneby-by.se\/index.php?rest_route=\/wp\/v2\/types\/page"}],"author":[{"embeddable":true,"href":"https:\/\/www.senneby-by.se\/index.php?rest_route=\/wp\/v2\/users\/1"}],"replies":[{"embeddable":true,"href":"https:\/\/www.senneby-by.se\/index.php?rest_route=%2Fwp%2Fv2%2Fcomments&post=73"}],"version-history":[{"count":24,"href":"https:\/\/www.senneby-by.se\/index.php?rest_route=\/wp\/v2\/pages\/73\/revisions"}],"predecessor-version":[{"id":1137,"href":"https:\/\/www.senneby-by.se\/index.php?rest_route=\/wp\/v2\/pages\/73\/revisions\/1137"}],"wp:attachment":[{"href":"https:\/\/www.senneby-by.se\/index.php?rest_route=%2Fwp%2Fv2%2Fmedia&parent=73"}],"curies":[{"name":"wp","href":"https:\/\/api.w.org\/{rel}","templated":true}]}}