{"id":64,"date":"2012-07-16T18:32:39","date_gmt":"2012-07-16T18:32:39","guid":{"rendered":"http:\/\/www.senneby-by.se\/?page_id=64"},"modified":"2017-02-26T20:14:03","modified_gmt":"2017-02-26T19:14:03","slug":"kort-fran-forr","status":"publish","type":"page","link":"https:\/\/www.senneby-by.se\/?page_id=64","title":{"rendered":"Kort fr\u00e5n f\u00f6rr"},"content":{"rendered":"<p style=\"text-align: center;\"><strong>Vyer \u00f6ver Senneby.<\/strong> \u00c4ldre och nyare bilder \u00f6ver byn.<\/p>\n<div id=\"attachment_701\" style=\"width: 650px\" class=\"wp-caption aligncenter\"><a href=\"http:\/\/www.senneby-by.se\/wp-content\/uploads\/2013\/12\/vyer-0.jpg\"><img aria-describedby=\"caption-attachment-701\" decoding=\"async\" loading=\"lazy\" class=\" wp-image-701\" src=\"http:\/\/www.senneby-by.se\/wp-content\/uploads\/2013\/12\/vyer-0.jpg\" alt=\"vyer 0\" width=\"640\" height=\"411\" srcset=\"https:\/\/www.senneby-by.se\/wp-content\/uploads\/2013\/12\/vyer-0.jpg 640w, https:\/\/www.senneby-by.se\/wp-content\/uploads\/2013\/12\/vyer-0-300x192.jpg 300w, https:\/\/www.senneby-by.se\/wp-content\/uploads\/2013\/12\/vyer-0-467x300.jpg 467w\" sizes=\"(max-width: 640px) 100vw, 640px\" \/><\/a><p id=\"caption-attachment-701\" class=\"wp-caption-text\">I f\u00f6rgrunden \u201dSlaktarns\u201d, n\u00e5got ovanf\u00f6r \u00e5t h\u00f6ger \u201dWesterbergs\u201d, \u00e5t v\u00e4nster Skr\u00e4ddarg\u00e5rdens ladug\u00e5rd, i v\u00e4nstra h\u00f6rnet \u201dJan Ers Kalles\u201d, nordligast i mitten \u201dJan Ers Viktors\u201d d\u00e4r \u00e4ven den gamla\u00a0v\u00e4gen till Senneby Haken\u00a0syns och l\u00e4ngst \u00e5t h\u00f6ger \u201dKarl Mass\u201d .<\/p><\/div>\n<p>Nedan f\u00f6ljer tre\u00a0vyer \u00f6ver byn som \u00e4r skickade som julkort. Korten \u00e4r inl\u00e4mnade av Maj Herbertsson.<\/p>\n<div id=\"attachment_702\" style=\"width: 650px\" class=\"wp-caption aligncenter\"><a href=\"http:\/\/www.senneby-by.se\/wp-content\/uploads\/2013\/12\/vyer-1.jpg\"><img aria-describedby=\"caption-attachment-702\" decoding=\"async\" loading=\"lazy\" class=\" wp-image-702\" src=\"http:\/\/www.senneby-by.se\/wp-content\/uploads\/2013\/12\/vyer-1.jpg\" alt=\"vyer 1\" width=\"640\" height=\"424\" srcset=\"https:\/\/www.senneby-by.se\/wp-content\/uploads\/2013\/12\/vyer-1.jpg 640w, https:\/\/www.senneby-by.se\/wp-content\/uploads\/2013\/12\/vyer-1-300x198.jpg 300w, https:\/\/www.senneby-by.se\/wp-content\/uploads\/2013\/12\/vyer-1-452x300.jpg 452w\" sizes=\"(max-width: 640px) 100vw, 640px\" \/><\/a><p id=\"caption-attachment-702\" class=\"wp-caption-text\">Fr\u00e5n Alv\u00e9ns kurva och byv\u00e4gen mot utfarten mot S\u00f6dersund.<\/p><\/div>\n<div id=\"attachment_704\" style=\"width: 650px\" class=\"wp-caption aligncenter\"><a href=\"http:\/\/www.senneby-by.se\/wp-content\/uploads\/2013\/12\/vyer-3.jpg\"><img aria-describedby=\"caption-attachment-704\" decoding=\"async\" loading=\"lazy\" class=\" wp-image-704\" src=\"http:\/\/www.senneby-by.se\/wp-content\/uploads\/2013\/12\/vyer-3.jpg\" alt=\"vyer 3\" width=\"640\" height=\"431\" srcset=\"https:\/\/www.senneby-by.se\/wp-content\/uploads\/2013\/12\/vyer-3.jpg 640w, https:\/\/www.senneby-by.se\/wp-content\/uploads\/2013\/12\/vyer-3-300x202.jpg 300w, https:\/\/www.senneby-by.se\/wp-content\/uploads\/2013\/12\/vyer-3-445x300.jpg 445w\" sizes=\"(max-width: 640px) 100vw, 640px\" \/><\/a><p id=\"caption-attachment-704\" class=\"wp-caption-text\">Bygatan och s\u00f6derut<\/p><\/div>\n<p>&nbsp;<\/p>\n<div id=\"attachment_703\" style=\"width: 650px\" class=\"wp-caption aligncenter\"><a href=\"http:\/\/www.senneby-by.se\/wp-content\/uploads\/2013\/12\/vyer-2.jpg\"><img aria-describedby=\"caption-attachment-703\" decoding=\"async\" loading=\"lazy\" class=\" wp-image-703\" src=\"http:\/\/www.senneby-by.se\/wp-content\/uploads\/2013\/12\/vyer-2.jpg\" alt=\"vyer 2\" width=\"640\" height=\"353\" srcset=\"https:\/\/www.senneby-by.se\/wp-content\/uploads\/2013\/12\/vyer-2.jpg 640w, https:\/\/www.senneby-by.se\/wp-content\/uploads\/2013\/12\/vyer-2-300x165.jpg 300w, https:\/\/www.senneby-by.se\/wp-content\/uploads\/2013\/12\/vyer-2-500x275.jpg 500w\" sizes=\"(max-width: 640px) 100vw, 640px\" \/><\/a><p id=\"caption-attachment-703\" class=\"wp-caption-text\">Bygatan norrut<\/p><\/div>\n<div id=\"attachment_1049\" style=\"width: 1642px\" class=\"wp-caption aligncenter\"><a href=\"http:\/\/www.senneby-by.se\/wp-content\/uploads\/2015\/06\/IMG_0003.jpg\"><img aria-describedby=\"caption-attachment-1049\" decoding=\"async\" loading=\"lazy\" class=\"size-full wp-image-1049\" src=\"http:\/\/www.senneby-by.se\/wp-content\/uploads\/2015\/06\/IMG_0003.jpg\" alt=\"Vy fr\u00e5n Kasberget mot Storfj\u00e4rden\" width=\"1632\" height=\"1040\" srcset=\"https:\/\/www.senneby-by.se\/wp-content\/uploads\/2015\/06\/IMG_0003.jpg 1632w, https:\/\/www.senneby-by.se\/wp-content\/uploads\/2015\/06\/IMG_0003-300x191.jpg 300w, https:\/\/www.senneby-by.se\/wp-content\/uploads\/2015\/06\/IMG_0003-1024x653.jpg 1024w, https:\/\/www.senneby-by.se\/wp-content\/uploads\/2015\/06\/IMG_0003-471x300.jpg 471w\" sizes=\"(max-width: 1632px) 100vw, 1632px\" \/><\/a><p id=\"caption-attachment-1049\" class=\"wp-caption-text\">Vy fr\u00e5n Kasberget mot Storfj\u00e4rden<\/p><\/div>\n<p style=\"text-align: center;\"><strong>Vardagsbilder fr\u00e5n Senneby fr\u00e5n 50-60 talet.\u00a0\u00a0\u00a0\u00a0<\/strong><b><\/b><\/p>\n<div id=\"attachment_697\" style=\"width: 506px\" class=\"wp-caption aligncenter\"><a href=\"http:\/\/www.senneby-by.se\/wp-content\/uploads\/2013\/12\/50-tal-1.jpg\"><img aria-describedby=\"caption-attachment-697\" decoding=\"async\" loading=\"lazy\" class=\" wp-image-697\" src=\"http:\/\/www.senneby-by.se\/wp-content\/uploads\/2013\/12\/50-tal-1.jpg\" alt=\"50 tal 1\" width=\"496\" height=\"356\" \/><\/a><p id=\"caption-attachment-697\" class=\"wp-caption-text\">P\u00e5 \u00e5kern i arbete hos Wiktor Jans. Bertil Malmf\u00e4lt, Elin Jansson och Anders Malmf\u00e4lt.<\/p><\/div>\n<p><a href=\"http:\/\/www.senneby-by.se\/wp-content\/uploads\/2013\/12\/50-tal-2.jpg\"><img decoding=\"async\" loading=\"lazy\" class=\"aligncenter size-full wp-image-698\" src=\"http:\/\/www.senneby-by.se\/wp-content\/uploads\/2013\/12\/50-tal-2.jpg\" alt=\"50 tal 2\" width=\"640\" height=\"453\" srcset=\"https:\/\/www.senneby-by.se\/wp-content\/uploads\/2013\/12\/50-tal-2.jpg 640w, https:\/\/www.senneby-by.se\/wp-content\/uploads\/2013\/12\/50-tal-2-300x212.jpg 300w, https:\/\/www.senneby-by.se\/wp-content\/uploads\/2013\/12\/50-tal-2-423x300.jpg 423w\" sizes=\"(max-width: 640px) 100vw, 640px\" \/><\/a> Bakom h\u00e4sten sitter Bertil Malmf\u00e4lt och Herbert Jansson.<\/p>\n<div id=\"attachment_708\" style=\"width: 650px\" class=\"wp-caption aligncenter\"><a href=\"http:\/\/www.senneby-by.se\/wp-content\/uploads\/2013\/12\/fr\u00e5n-jordbruket-etc-50-60-tal_0003.jpg\"><img aria-describedby=\"caption-attachment-708\" decoding=\"async\" loading=\"lazy\" class=\" wp-image-708\" src=\"http:\/\/www.senneby-by.se\/wp-content\/uploads\/2013\/12\/fr\u00e5n-jordbruket-etc-50-60-tal_0003.jpg\" alt=\"fr\u00e5n jordbruket etc 50-60 tal_0003\" width=\"640\" height=\"450\" srcset=\"https:\/\/www.senneby-by.se\/wp-content\/uploads\/2013\/12\/fr\u00e5n-jordbruket-etc-50-60-tal_0003.jpg 640w, https:\/\/www.senneby-by.se\/wp-content\/uploads\/2013\/12\/fr\u00e5n-jordbruket-etc-50-60-tal_0003-300x210.jpg 300w, https:\/\/www.senneby-by.se\/wp-content\/uploads\/2013\/12\/fr\u00e5n-jordbruket-etc-50-60-tal_0003-426x300.jpg 426w\" sizes=\"(max-width: 640px) 100vw, 640px\" \/><\/a><p id=\"caption-attachment-708\" class=\"wp-caption-text\">Bakom r\u00e4fsen sitter Bertil Malmf\u00e4lt<\/p><\/div>\n<p>&nbsp;<\/p>\n<div id=\"attachment_699\" style=\"width: 650px\" class=\"wp-caption aligncenter\"><a href=\"http:\/\/www.senneby-by.se\/wp-content\/uploads\/2013\/12\/50-tal-3.jpg\"><img aria-describedby=\"caption-attachment-699\" decoding=\"async\" loading=\"lazy\" class=\" wp-image-699\" src=\"http:\/\/www.senneby-by.se\/wp-content\/uploads\/2013\/12\/50-tal-3.jpg\" alt=\"50 tal 3\" width=\"640\" height=\"514\" srcset=\"https:\/\/www.senneby-by.se\/wp-content\/uploads\/2013\/12\/50-tal-3.jpg 640w, https:\/\/www.senneby-by.se\/wp-content\/uploads\/2013\/12\/50-tal-3-300x240.jpg 300w, https:\/\/www.senneby-by.se\/wp-content\/uploads\/2013\/12\/50-tal-3-373x300.jpg 373w\" sizes=\"(max-width: 640px) 100vw, 640px\" \/><\/a><p id=\"caption-attachment-699\" class=\"wp-caption-text\">Vy fr\u00e5n Wiktor Jans ut mot \u00e5krarna och riktning mot Kasen.<\/p><\/div>\n<p><a href=\"http:\/\/www.senneby-by.se\/wp-content\/uploads\/2013\/12\/50-tal-4.jpg\"><img decoding=\"async\" loading=\"lazy\" class=\"aligncenter size-full wp-image-700\" src=\"http:\/\/www.senneby-by.se\/wp-content\/uploads\/2013\/12\/50-tal-4.jpg\" alt=\"50 tal 4\" width=\"640\" height=\"478\" srcset=\"https:\/\/www.senneby-by.se\/wp-content\/uploads\/2013\/12\/50-tal-4.jpg 640w, https:\/\/www.senneby-by.se\/wp-content\/uploads\/2013\/12\/50-tal-4-300x224.jpg 300w, https:\/\/www.senneby-by.se\/wp-content\/uploads\/2013\/12\/50-tal-4-401x300.jpg 401w\" sizes=\"(max-width: 640px) 100vw, 640px\" \/><\/a><\/p>\n<div id=\"attachment_705\" style=\"width: 332px\" class=\"wp-caption aligncenter\"><a href=\"http:\/\/www.senneby-by.se\/wp-content\/uploads\/2013\/12\/50-tal-6.jpg\"><img aria-describedby=\"caption-attachment-705\" decoding=\"async\" loading=\"lazy\" class=\"size-full wp-image-705 \" src=\"http:\/\/www.senneby-by.se\/wp-content\/uploads\/2013\/12\/50-tal-6.jpg\" alt=\"50 tal 6\" width=\"322\" height=\"480\" srcset=\"https:\/\/www.senneby-by.se\/wp-content\/uploads\/2013\/12\/50-tal-6.jpg 322w, https:\/\/www.senneby-by.se\/wp-content\/uploads\/2013\/12\/50-tal-6-201x300.jpg 201w\" sizes=\"(max-width: 322px) 100vw, 322px\" \/><\/a><p id=\"caption-attachment-705\" class=\"wp-caption-text\">P\u00e5 v\u00e4gen fr\u00e5n Senneby i riktning mot Bystaden<\/p><\/div>\n<div id=\"attachment_706\" style=\"width: 490px\" class=\"wp-caption aligncenter\"><a href=\"http:\/\/www.senneby-by.se\/wp-content\/uploads\/2013\/12\/h\u00f6k\u00f6rnings-hos-Palms-50-tal.jpg\"><img aria-describedby=\"caption-attachment-706\" decoding=\"async\" loading=\"lazy\" class=\"size-full wp-image-706 \" src=\"http:\/\/www.senneby-by.se\/wp-content\/uploads\/2013\/12\/h\u00f6k\u00f6rnings-hos-Palms-50-tal.jpg\" alt=\"h\u00f6k\u00f6rnings hos Palms 50 tal\" width=\"480\" height=\"480\" srcset=\"https:\/\/www.senneby-by.se\/wp-content\/uploads\/2013\/12\/h\u00f6k\u00f6rnings-hos-Palms-50-tal.jpg 480w, https:\/\/www.senneby-by.se\/wp-content\/uploads\/2013\/12\/h\u00f6k\u00f6rnings-hos-Palms-50-tal-150x150.jpg 150w, https:\/\/www.senneby-by.se\/wp-content\/uploads\/2013\/12\/h\u00f6k\u00f6rnings-hos-Palms-50-tal-300x300.jpg 300w\" sizes=\"(max-width: 480px) 100vw, 480px\" \/><\/a><p id=\"caption-attachment-706\" class=\"wp-caption-text\">H\u00f6b\u00e4rgning p\u00e5 tomten utanf\u00f6r \u201dVillan\u201d vid Alv\u00e9ns.P\u00e5 h\u00f6lasset syns Berit Mattson och behj\u00e4lpliga p\u00e5 marken \u00e4r Gustav och Ingrid Mattsson.<\/p><\/div>\n<div id=\"attachment_707\" style=\"width: 650px\" class=\"wp-caption aligncenter\"><a href=\"http:\/\/www.senneby-by.se\/wp-content\/uploads\/2013\/12\/50-tal-5.jpg\"><img aria-describedby=\"caption-attachment-707\" decoding=\"async\" loading=\"lazy\" class=\" wp-image-707\" src=\"http:\/\/www.senneby-by.se\/wp-content\/uploads\/2013\/12\/50-tal-5.jpg\" alt=\"50 tal 5\" width=\"640\" height=\"436\" srcset=\"https:\/\/www.senneby-by.se\/wp-content\/uploads\/2013\/12\/50-tal-5.jpg 640w, https:\/\/www.senneby-by.se\/wp-content\/uploads\/2013\/12\/50-tal-5-300x204.jpg 300w, https:\/\/www.senneby-by.se\/wp-content\/uploads\/2013\/12\/50-tal-5-440x300.jpg 440w\" sizes=\"(max-width: 640px) 100vw, 640px\" \/><\/a><p id=\"caption-attachment-707\" class=\"wp-caption-text\">Vy fr\u00e5n Alv\u00e9ns kurva och in mot byn. Gustav Mattson k\u00f6r den r\u00f6da traktorn.<\/p><\/div>\n<p>&nbsp;<\/p>\n<div id=\"attachment_1114\" style=\"width: 1050px\" class=\"wp-caption aligncenter\"><a href=\"http:\/\/www.senneby-by.se\/wp-content\/uploads\/2015\/11\/5_0006.jpg\"><img aria-describedby=\"caption-attachment-1114\" decoding=\"async\" loading=\"lazy\" class=\"size-full wp-image-1114\" src=\"http:\/\/www.senneby-by.se\/wp-content\/uploads\/2015\/11\/5_0006.jpg\" alt=\"Gustav Lundin utanf\u00f6r Gotthard Erikssons hus i Kasen 1968 \" width=\"1040\" height=\"1048\" srcset=\"https:\/\/www.senneby-by.se\/wp-content\/uploads\/2015\/11\/5_0006.jpg 1040w, https:\/\/www.senneby-by.se\/wp-content\/uploads\/2015\/11\/5_0006-150x150.jpg 150w, https:\/\/www.senneby-by.se\/wp-content\/uploads\/2015\/11\/5_0006-298x300.jpg 298w, https:\/\/www.senneby-by.se\/wp-content\/uploads\/2015\/11\/5_0006-1016x1024.jpg 1016w\" sizes=\"(max-width: 1040px) 100vw, 1040px\" \/><\/a><p id=\"caption-attachment-1114\" class=\"wp-caption-text\">Gustav Lundin utanf\u00f6r Gotthard Erikssons hus i Kasen 1968<\/p><\/div>\n<p>&nbsp;<\/p>\n<div id=\"attachment_1157\" style=\"width: 1537px\" class=\"wp-caption aligncenter\"><a href=\"http:\/\/www.senneby-by.se\/wp-content\/uploads\/2016\/03\/sk\u00f6rdetr\u00f6ska.jpg\"><img aria-describedby=\"caption-attachment-1157\" decoding=\"async\" loading=\"lazy\" class=\"size-full wp-image-1157\" src=\"http:\/\/www.senneby-by.se\/wp-content\/uploads\/2016\/03\/sk\u00f6rdetr\u00f6ska.jpg\" alt=\"Sk\u00f6rdetr\u00f6skning 1970 tal\" width=\"1527\" height=\"916\" srcset=\"https:\/\/www.senneby-by.se\/wp-content\/uploads\/2016\/03\/sk\u00f6rdetr\u00f6ska.jpg 1527w, https:\/\/www.senneby-by.se\/wp-content\/uploads\/2016\/03\/sk\u00f6rdetr\u00f6ska-300x180.jpg 300w, https:\/\/www.senneby-by.se\/wp-content\/uploads\/2016\/03\/sk\u00f6rdetr\u00f6ska-1024x614.jpg 1024w, https:\/\/www.senneby-by.se\/wp-content\/uploads\/2016\/03\/sk\u00f6rdetr\u00f6ska-500x300.jpg 500w\" sizes=\"(max-width: 1527px) 100vw, 1527px\" \/><\/a><p id=\"caption-attachment-1157\" class=\"wp-caption-text\">Sk\u00f6rdetr\u00f6skning 1970 tal<\/p><\/div>\n<p>&nbsp;<\/p>\n<div id=\"attachment_1161\" style=\"width: 1478px\" class=\"wp-caption aligncenter\"><a href=\"http:\/\/www.senneby-by.se\/wp-content\/uploads\/2016\/03\/jaktlag_0003.jpg\"><img aria-describedby=\"caption-attachment-1161\" decoding=\"async\" loading=\"lazy\" class=\"size-full wp-image-1161\" src=\"http:\/\/www.senneby-by.se\/wp-content\/uploads\/2016\/03\/jaktlag_0003.jpg\" alt=\"Senneby Jaktlag 1983. Bengt Lundin, Fredrik Reinsson, Lennart Reinsson, Henry Mattsson, Elex P\u00e5lsson, G\u00f6te Jansson, Ragnar Westerberg, G\u00f6sta Karlsson, Peter Jansson \" width=\"1468\" height=\"884\" srcset=\"https:\/\/www.senneby-by.se\/wp-content\/uploads\/2016\/03\/jaktlag_0003.jpg 1468w, https:\/\/www.senneby-by.se\/wp-content\/uploads\/2016\/03\/jaktlag_0003-300x181.jpg 300w, https:\/\/www.senneby-by.se\/wp-content\/uploads\/2016\/03\/jaktlag_0003-1024x617.jpg 1024w, https:\/\/www.senneby-by.se\/wp-content\/uploads\/2016\/03\/jaktlag_0003-498x300.jpg 498w\" sizes=\"(max-width: 1468px) 100vw, 1468px\" \/><\/a><p id=\"caption-attachment-1161\" class=\"wp-caption-text\">Senneby Jaktlag 1983. Bengt Lundin, Fredrik Reinsson, Lennart Reinsson, Henry Mattsson, Elex P\u00e5lsson, G\u00f6te Jansson, Ragnar Westerberg, G\u00f6sta Karlsson, Peter Jansson<\/p><\/div>\n<p>&nbsp;<\/p>\n<div id=\"attachment_1163\" style=\"width: 1758px\" class=\"wp-caption aligncenter\"><a href=\"http:\/\/www.senneby-by.se\/wp-content\/uploads\/2016\/03\/v\u00e4garbete_0002.jpg\"><img aria-describedby=\"caption-attachment-1163\" decoding=\"async\" loading=\"lazy\" class=\"size-full wp-image-1163\" src=\"http:\/\/www.senneby-by.se\/wp-content\/uploads\/2016\/03\/v\u00e4garbete_0002.jpg\" alt=\"V\u00e4gbel\u00e4ggning 1987. Av f\u00f6rsta v\u00e4gbel\u00e4ggningen fr\u00e5n 1980kom vissa v\u00e4gavsnitt att redan 1897 kr\u00e4va f\u00f6rst\u00e4rknings\u00e5tg\u00e4rder,\" width=\"1748\" height=\"1044\" srcset=\"https:\/\/www.senneby-by.se\/wp-content\/uploads\/2016\/03\/v\u00e4garbete_0002.jpg 1748w, https:\/\/www.senneby-by.se\/wp-content\/uploads\/2016\/03\/v\u00e4garbete_0002-300x179.jpg 300w, https:\/\/www.senneby-by.se\/wp-content\/uploads\/2016\/03\/v\u00e4garbete_0002-1024x612.jpg 1024w, https:\/\/www.senneby-by.se\/wp-content\/uploads\/2016\/03\/v\u00e4garbete_0002-500x300.jpg 500w\" sizes=\"(max-width: 1748px) 100vw, 1748px\" \/><\/a><p id=\"caption-attachment-1163\" class=\"wp-caption-text\">V\u00e4gbel\u00e4ggning 1987. Av f\u00f6rsta v\u00e4gbel\u00e4ggningen fr\u00e5n 1980kom vissa v\u00e4gavsnitt att redan 1897 kr\u00e4va f\u00f6rst\u00e4rknings\u00e5tg\u00e4rder.<\/p><\/div>\n<p>&nbsp;<\/p>\n<div id=\"attachment_1192\" style=\"width: 3122px\" class=\"wp-caption aligncenter\"><a href=\"http:\/\/www.senneby-by.se\/wp-content\/uploads\/2016\/03\/H\u00f6sk\u00f6rd-Danne-1991.jpg\"><img aria-describedby=\"caption-attachment-1192\" decoding=\"async\" loading=\"lazy\" class=\"size-full wp-image-1192\" src=\"http:\/\/www.senneby-by.se\/wp-content\/uploads\/2016\/03\/H\u00f6sk\u00f6rd-Danne-1991.jpg\" alt=\"H\u00f6sk\u00f6rd hos Danne 1991. Med p\u00e5 kortet \u00e4r Lena Heetvelt, Glenn Nilsson (troligen) och Peter Hagqvist\" width=\"3112\" height=\"2088\" srcset=\"https:\/\/www.senneby-by.se\/wp-content\/uploads\/2016\/03\/H\u00f6sk\u00f6rd-Danne-1991.jpg 3112w, https:\/\/www.senneby-by.se\/wp-content\/uploads\/2016\/03\/H\u00f6sk\u00f6rd-Danne-1991-300x201.jpg 300w, https:\/\/www.senneby-by.se\/wp-content\/uploads\/2016\/03\/H\u00f6sk\u00f6rd-Danne-1991-1024x687.jpg 1024w, https:\/\/www.senneby-by.se\/wp-content\/uploads\/2016\/03\/H\u00f6sk\u00f6rd-Danne-1991-447x300.jpg 447w\" sizes=\"(max-width: 3112px) 100vw, 3112px\" \/><\/a><p id=\"caption-attachment-1192\" class=\"wp-caption-text\">H\u00f6sk\u00f6rd hos Danne 1991. Med p\u00e5 kortet \u00e4r Lena Heetvelt, Glenn Nilsson (troligen) och Peter Hagqvist<\/p><\/div>\n<p><a href=\"http:\/\/www.senneby-by.se\/?attachment_id=1258\" rel=\"attachment wp-att-1258\"><img decoding=\"async\" loading=\"lazy\" class=\"aligncenter size-full wp-image-1258\" src=\"http:\/\/www.senneby-by.se\/wp-content\/uploads\/2016\/06\/Hasse-och-Gunnar.jpg\" alt=\"Hasse och Gunnar\" width=\"1004\" height=\"796\" srcset=\"https:\/\/www.senneby-by.se\/wp-content\/uploads\/2016\/06\/Hasse-och-Gunnar.jpg 1004w, https:\/\/www.senneby-by.se\/wp-content\/uploads\/2016\/06\/Hasse-och-Gunnar-300x238.jpg 300w, https:\/\/www.senneby-by.se\/wp-content\/uploads\/2016\/06\/Hasse-och-Gunnar-378x300.jpg 378w\" sizes=\"(max-width: 1004px) 100vw, 1004px\" \/><\/a><\/p>\n<p>Hasse i Gran\u00f6 s\u00e4ljer k\u00f6tt fr\u00e5n sin bil, en Voilvo830. H\u00e4r tillsammans med Gunnar som bodde hos Herbertssons. 1970-tal.<\/p>\n","protected":false},"excerpt":{"rendered":"<p>Vyer \u00f6ver Senneby. \u00c4ldre och nyare bilder \u00f6ver byn. Nedan f\u00f6ljer tre\u00a0vyer \u00f6ver byn som \u00e4r skickade som julkort. Korten \u00e4r inl\u00e4mnade av Maj Herbertsson. &nbsp; Vardagsbilder fr\u00e5n Senneby fr\u00e5n 50-60 talet.\u00a0\u00a0\u00a0\u00a0 Bakom h\u00e4sten sitter Bertil Malmf\u00e4lt och Herbert Jansson. &hellip; <a href=\"https:\/\/www.senneby-by.se\/?page_id=64\">Forts\u00e4tt l\u00e4sa <span class=\"meta-nav\">&rarr;<\/span><\/a><\/p>\n","protected":false},"author":1,"featured_media":1157,"parent":0,"menu_order":3,"comment_status":"closed","ping_status":"closed","template":"","meta":[],"_links":{"self":[{"href":"https:\/\/www.senneby-by.se\/index.php?rest_route=\/wp\/v2\/pages\/64"}],"collection":[{"href":"https:\/\/www.senneby-by.se\/index.php?rest_route=\/wp\/v2\/pages"}],"about":[{"href":"https:\/\/www.senneby-by.se\/index.php?rest_route=\/wp\/v2\/types\/page"}],"author":[{"embeddable":true,"href":"https:\/\/www.senneby-by.se\/index.php?rest_route=\/wp\/v2\/users\/1"}],"replies":[{"embeddable":true,"href":"https:\/\/www.senneby-by.se\/index.php?rest_route=%2Fwp%2Fv2%2Fcomments&post=64"}],"version-history":[{"count":36,"href":"https:\/\/www.senneby-by.se\/index.php?rest_route=\/wp\/v2\/pages\/64\/revisions"}],"predecessor-version":[{"id":1310,"href":"https:\/\/www.senneby-by.se\/index.php?rest_route=\/wp\/v2\/pages\/64\/revisions\/1310"}],"wp:featuredmedia":[{"embeddable":true,"href":"https:\/\/www.senneby-by.se\/index.php?rest_route=\/wp\/v2\/media\/1157"}],"wp:attachment":[{"href":"https:\/\/www.senneby-by.se\/index.php?rest_route=%2Fwp%2Fv2%2Fmedia&parent=64"}],"curies":[{"name":"wp","href":"https:\/\/api.w.org\/{rel}","templated":true}]}}