{"id":210,"date":"2012-11-11T11:12:27","date_gmt":"2012-11-11T10:12:27","guid":{"rendered":"http:\/\/www.senneby-by.se\/?page_id=210"},"modified":"2015-12-08T18:58:21","modified_gmt":"2015-12-08T17:58:21","slug":"berattelser-om-ovriga-delar-av-byn","status":"publish","type":"page","link":"https:\/\/www.senneby-by.se\/?page_id=210","title":{"rendered":"Ber\u00e4ttelser om g\u00e5rdar och \u00f6vriga delar av byn"},"content":{"rendered":"<h2>\u00d6vrig bebyggelse och delar av Senneby som har sitt ursprung tidigare \u00e4n 1900- talet<\/h2>\n<p>Ut\u00f6ver de sju ursprungsg\u00e5rdarna i byk\u00e4rnan finns en rad fastigheter som ing\u00e5r i Senneby. N\u00e5gra av dem \u00e4r de g\u00e5rdar som flyttades fr\u00e5n byk\u00e4rnan vid laga skiftet p\u00e5 1840-talet. Andra fastigheter har varit hem f\u00f6r hantverkare, diversearbetare eller har haft specifik funktion, t.ex. som handelsbod. P\u00e5 flera av fastigheterna bedrevs jordbruk i mindre skala men p\u00e5 alla fastigheterna var man sj\u00e4lvf\u00f6rs\u00f6rjande vad g\u00e4ller tr\u00e4dg\u00e5rdsprodukter. N\u00e5gra fastigheter finns inte kvar eller har ersatts av andra. Idag finns b\u00e5de fast boende personer med r\u00f6relse och personer med sommarboende i byn. Ber\u00e4ttelserna om respektive fastighet har skrivits av de personer som idag \u00e4ger eller i \u00f6vrigt har anknytning till fastigheterna.<\/p>\n<ul>\n<li><a href=\"http:\/\/www.senneby-by.se\/wp-content\/uploads\/2015\/11\/Senneby-nr-2-Ol-Lars.pdf\">Senneby nr 2 Ol-Lars g\u00e5rden. Av Sture och Berit G\u00f6tesson<\/a><\/li>\n<li><a href=\"http:\/\/www.senneby-by.se\/wp-content\/uploads\/2013\/11\/Senneby-2-15-Tea.pdf\">Senneby 2:15<\/a>\u00a0Karl-Mass av Tea Ahlshammar<\/li>\n<li><a href=\"http:\/\/www.senneby-by.se\/wp-content\/uploads\/2015\/01\/Mats-Pers-i-Senneby-2015.pdf\">Senneby 3:7\u00a0Norskullen<\/a>\u00a0av Kjell Geland<\/li>\n<li><a href=\"http:\/\/www.senneby-by.se\/wp-content\/uploads\/2015\/09\/Birgitta-Jensen.pdf\">Senneby 4:5 Enlunden<\/a>\u00a0av Birgitta Jenssen<\/li>\n<li><a href=\"http:\/\/www.senneby-by.se\/wp-content\/uploads\/2014\/03\/Norbergs.-Brobergs-och-Lina-Eriksson.pdf\">Senneby 5:2 m.fl. Ber\u00e4ttelse om Norbergs, Brobergs och Lina Eriksson<\/a>\u00a0av\u00a0Margareta Eriksson och Siv Bergqvist<\/li>\n<li><a href=\"http:\/\/www.senneby-by.se\/wp-content\/uploads\/2015\/08\/Senneby-7-Uno-Eugenius-2015.pdf\">Senneby 7:3\u00a0 Anteckningar av Henning Eugenius sammanst\u00e4llt av Uno Eugenius<\/a><\/li>\n<li><a href=\"http:\/\/www.senneby-by.se\/wp-content\/uploads\/2014\/06\/Senneby-7-8-Fredriksborg.pdf\">Senneby 7:8 Fredriksborg<\/a>\u00a0av Gunilla Ingels och Titti Ingels Larsson<\/li>\n<li><a href=\"http:\/\/www.senneby-by.se\/wp-content\/uploads\/2015\/03\/Erikdal.Kasen-nov-2014-doc.pdf\">Senneby 7:9 Eriksdal, Kasen<\/a>\u00a0av Siv Bergqvist<\/li>\n<li><a href=\"http:\/\/www.senneby-by.se\/wp-content\/uploads\/2013\/11\/Senneby-81.Malmf\u00e4ltsdoc.pdf\">Senneby 8:1<\/a>\u00a0Om Jan-Erik Bomans fastighet av Bertil Malmf\u00e4lt<\/li>\n<li><a href=\"http:\/\/www.senneby-by.se\/wp-content\/uploads\/2012\/12\/Senneby-9-2-Stugan.pdf\">Senneby 9:2 fd Handelsbod av Margareta Eriksson<\/a><\/li>\n<li><a href=\"http:\/\/www.senneby-by.se\/wp-content\/uploads\/2014\/06\/Senneby-18-17-Frids.pdf\">Senneby 18:17<\/a>\u00a0\u00d6sterg\u00e5rden av Berith Fridh<\/li>\n<li><a href=\"http:\/\/www.senneby-by.se\/wp-content\/uploads\/2015\/09\/Bildber\u00e4ttelser-fr\u00e5n-Lundins-G\u00e5rd.pdf\">Senneby 19:1 Bildber\u00e4ttelser fr\u00e5n Lundins g\u00e5rd<\/a>\u00a0av Bengt och Lena Lundin.<\/li>\n<li><a href=\"http:\/\/www.senneby-by.se\/wp-content\/uploads\/2015\/11\/Nor-1-10-1-26.pdf\">Nor 1:10, 1:26. Fynd isamband med ombyggnad av Sture G\u00f6tesson<\/a><\/li>\n<li><a href=\"http:\/\/www.senneby-by.se\/wp-content\/uploads\/2013\/11\/Linds.pdf\">Noor 1:11\u00a0Tidig dokumentation runt familjen Lind m.fl i Noret<\/a>\u00a0av Margareta Eriksson<\/li>\n<\/ul>\n<p><strong><i>Synpunkter och upplysningar i anledning av ber\u00e4ttelserna:<\/i><\/strong> Har du synpunkter eller upplysningar som du vill dela med dig till oss som arbetar med hemsidan; se f\u00f6rsta sidan och klicka p\u00e5\u00a0 \u201d 1 kommentar<b>\u201d.<\/b><\/p>\n","protected":false},"excerpt":{"rendered":"<p>\u00d6vrig bebyggelse och delar av Senneby som har sitt ursprung tidigare \u00e4n 1900- talet Ut\u00f6ver de sju ursprungsg\u00e5rdarna i byk\u00e4rnan finns en rad fastigheter som ing\u00e5r i Senneby. N\u00e5gra av dem \u00e4r de g\u00e5rdar som flyttades fr\u00e5n byk\u00e4rnan vid laga &hellip; <a href=\"https:\/\/www.senneby-by.se\/?page_id=210\">Forts\u00e4tt l\u00e4sa <span class=\"meta-nav\">&rarr;<\/span><\/a><\/p>\n","protected":false},"author":1,"featured_media":0,"parent":140,"menu_order":3,"comment_status":"closed","ping_status":"closed","template":"","meta":[],"_links":{"self":[{"href":"https:\/\/www.senneby-by.se\/index.php?rest_route=\/wp\/v2\/pages\/210"}],"collection":[{"href":"https:\/\/www.senneby-by.se\/index.php?rest_route=\/wp\/v2\/pages"}],"about":[{"href":"https:\/\/www.senneby-by.se\/index.php?rest_route=\/wp\/v2\/types\/page"}],"author":[{"embeddable":true,"href":"https:\/\/www.senneby-by.se\/index.php?rest_route=\/wp\/v2\/users\/1"}],"replies":[{"embeddable":true,"href":"https:\/\/www.senneby-by.se\/index.php?rest_route=%2Fwp%2Fv2%2Fcomments&post=210"}],"version-history":[{"count":62,"href":"https:\/\/www.senneby-by.se\/index.php?rest_route=\/wp\/v2\/pages\/210\/revisions"}],"predecessor-version":[{"id":1144,"href":"https:\/\/www.senneby-by.se\/index.php?rest_route=\/wp\/v2\/pages\/210\/revisions\/1144"}],"up":[{"embeddable":true,"href":"https:\/\/www.senneby-by.se\/index.php?rest_route=\/wp\/v2\/pages\/140"}],"wp:attachment":[{"href":"https:\/\/www.senneby-by.se\/index.php?rest_route=%2Fwp%2Fv2%2Fmedia&parent=210"}],"curies":[{"name":"wp","href":"https:\/\/api.w.org\/{rel}","templated":true}]}}