{"id":175,"date":"2012-09-24T08:53:05","date_gmt":"2012-09-24T08:53:05","guid":{"rendered":"http:\/\/www.senneby-by.se\/?page_id=175"},"modified":"2023-08-24T16:28:32","modified_gmt":"2023-08-24T14:28:32","slug":"ovrigt","status":"publish","type":"page","link":"https:\/\/www.senneby-by.se\/?page_id=175","title":{"rendered":"Anknytning till Senneby m.m"},"content":{"rendered":"<p><strong><span style=\"text-decoration: underline;\">Hembygdsg\u00e5rden Kista<\/span> ( <\/strong>text: Stockholms l\u00e4ns museum)<\/p>\n<p>Under 1600- och 1700-talen brukades tv\u00e5 g\u00e5rdar i byn. De klarade sig n\u00e4r ryssarna br\u00e4nde sk\u00e4rg\u00e5rdsbebyggelsen 1719. Sedan mitten av 1800-talet har Kista varit brukat som en enda g\u00e5rd. Hembygdsg\u00e5rden best\u00e5r av en m\u00e4ngd v\u00e4lbevarade hus som alla ligger p\u00e5 ursprunglig plats: en mang\u00e5rdsbyggnad fr\u00e5n 1837 med brutet tak, en enkelstuga fr\u00e5n 1700-talet, en stall- och logl\u00e4nga fr\u00e5n 1700-talet och en lag\u00e5rd fr\u00e5n 1860-talet. En br\u00e4nnvinsbod \u00e4r ett minne fr\u00e5n den tid, f\u00f6re 1860, d\u00e5 b\u00f6ndernas husbehovsbr\u00e4nning var laglig. H\u00e4r finns ocks\u00e5 salt- och redskapsbod, smedja, bastu och kalkugn. En v\u00e4derkvarn fr\u00e5n 1828 bidrar ocks\u00e5 starkt till g\u00e5rdsmilj\u00f6n.<\/p>\n<p>G\u00e5rden \u00e4gs sedan 1947 av V\u00e4dd\u00f6 hembygds- och fornminnesf\u00f6rening.<\/p>\n<p>L\u00e4s Thure Herbertssons ber\u00e4ttelse om minnen om de sista personerna som levde p\u00e5 Kista. Ber\u00e4ttelse nummer tv\u00e5 handlar dessutom om jordbruksmarken.<\/p>\n<ul>\n<li><em><a href=\"http:\/\/www.senneby-by.se\/wp-content\/uploads\/2014\/03\/Minnen-av-Kista.pdf\">Minnen av Kista<\/a> &#8211; en familjetragedi<\/em><\/li>\n<li><a href=\"http:\/\/www.senneby-by.se\/wp-content\/uploads\/2023\/08\/Thures-minnen-fran-Kista-Hembygdsgard-Just.pdf\">Ber\u00e4ttelser fr\u00e5n Kista Hembygdsg\u00e5rd <\/a><\/li>\n<\/ul>\n<p><strong><span style=\"text-decoration: underline;\">V\u00e4dd\u00f6 sigill.<\/span> Avser 1604 \u00e5rs sigill. Bonad v\u00e4vd av Greta Mattsson 1965. M\u00f6nstret ritade Gunvor Mattson 1964. Bonaden h\u00e4nger i ladan p\u00e5 Kista.<\/strong><\/p>\n<p><a href=\"http:\/\/www.senneby-by.se\/wp-content\/uploads\/2014\/03\/100_4627.jpg\"><img decoding=\"async\" loading=\"lazy\" class=\"aligncenter wp-image-760\" style=\"width: 315px;\" src=\"http:\/\/www.senneby-by.se\/wp-content\/uploads\/2014\/03\/100_4627.jpg\" alt=\"100_4627\" width=\"406\" height=\"249\" \/><\/a><\/p>\n<p><strong><span style=\"text-decoration: underline;\">\u00a0En\u00a0kort beskrivning om\u00a0V\u00e4dd\u00f6 och H\u00e4ver\u00f6 Skeppslag<\/span><\/strong><\/p>\n<ul>\n<li><a href=\"http:\/\/www.senneby-by.se\/wp-content\/uploads\/2014\/05\/V\u00e4dd\u00f6-H\u00e4ver\u00f6-Skeppslag.pdf\">V\u00e4dd\u00f6 och H\u00e4ver\u00f6 skeppslag<\/a><\/li>\n<\/ul>\n<p><span style=\"text-decoration: underline;\"><strong>Den optiska telegrafen\u00a0<\/strong><\/span><\/p>\n<p>En dokumentation om den svenska telegrafen fr\u00e5n\u00a01794\u00a0som passerade\u00a0Senneby\u00a0och som\u00a0idag finns\u00a0\u00e5teruppbyggd i Grisslehamn<\/p>\n<ul>\n<li><a href=\"http:\/\/www.senneby-by.se\/wp-content\/uploads\/2016\/03\/De-optiska-telegrafen.pdf\">Den optiska telegrafen<\/a><\/li>\n<li>Bilaga.<a href=\"http:\/\/www.senneby-by.se\/wp-content\/uploads\/2016\/03\/Optisk-telegrafstation-p\u00e5-Kasberget1.pdf\">Optisk telegrafstation p\u00e5 Kasberget. OBS ! Kortet \u00e4r konstruerat.<\/a><\/li>\n<\/ul>\n","protected":false},"excerpt":{"rendered":"<p>Hembygdsg\u00e5rden Kista ( text: Stockholms l\u00e4ns museum) Under 1600- och 1700-talen brukades tv\u00e5 g\u00e5rdar i byn. De klarade sig n\u00e4r ryssarna br\u00e4nde sk\u00e4rg\u00e5rdsbebyggelsen 1719. Sedan mitten av 1800-talet har Kista varit brukat som en enda g\u00e5rd. Hembygdsg\u00e5rden best\u00e5r av en &hellip; <a href=\"https:\/\/www.senneby-by.se\/?page_id=175\">Forts\u00e4tt l\u00e4sa <span class=\"meta-nav\">&rarr;<\/span><\/a><\/p>\n","protected":false},"author":1,"featured_media":0,"parent":0,"menu_order":5,"comment_status":"closed","ping_status":"closed","template":"","meta":[],"_links":{"self":[{"href":"https:\/\/www.senneby-by.se\/index.php?rest_route=\/wp\/v2\/pages\/175"}],"collection":[{"href":"https:\/\/www.senneby-by.se\/index.php?rest_route=\/wp\/v2\/pages"}],"about":[{"href":"https:\/\/www.senneby-by.se\/index.php?rest_route=\/wp\/v2\/types\/page"}],"author":[{"embeddable":true,"href":"https:\/\/www.senneby-by.se\/index.php?rest_route=\/wp\/v2\/users\/1"}],"replies":[{"embeddable":true,"href":"https:\/\/www.senneby-by.se\/index.php?rest_route=%2Fwp%2Fv2%2Fcomments&post=175"}],"version-history":[{"count":65,"href":"https:\/\/www.senneby-by.se\/index.php?rest_route=\/wp\/v2\/pages\/175\/revisions"}],"predecessor-version":[{"id":1894,"href":"https:\/\/www.senneby-by.se\/index.php?rest_route=\/wp\/v2\/pages\/175\/revisions\/1894"}],"wp:attachment":[{"href":"https:\/\/www.senneby-by.se\/index.php?rest_route=%2Fwp%2Fv2%2Fmedia&parent=175"}],"curies":[{"name":"wp","href":"https:\/\/api.w.org\/{rel}","templated":true}]}}