{"id":140,"date":"2012-07-17T10:34:51","date_gmt":"2012-07-17T10:34:51","guid":{"rendered":"http:\/\/www.senneby-by.se\/?page_id=140"},"modified":"2014-03-13T18:08:41","modified_gmt":"2014-03-13T17:08:41","slug":"gardar-2","status":"publish","type":"page","link":"https:\/\/www.senneby-by.se\/?page_id=140","title":{"rendered":"G\u00e5rdarna m.m."},"content":{"rendered":"<p><span style=\"font-family: Arial; font-size: small;\"><span style=\"font-family: Times New Roman; font-size: medium;\">F\u00f6rklaring till\u00a0 det svartvita kortet ovan;<\/span><\/span><\/p>\n<p><span style=\"font-family: Arial; font-size: small;\"><span style=\"font-family: Times New Roman; font-size: medium;\">Kortet \u00e4r en del av ett vykort som \u00e4r taget\u00a0 fr\u00e5n Kasberget runt 1930-talet.G\u00e5rdarna fr\u00e5n v\u00e4nster \u00e4r: Olof Tomsg\u00e5rden,\u00a0 Skr\u00e4ddarg\u00e5rden och S\u00f6derg\u00e5rden. L\u00e4ngst ner till h\u00f6ger syns en\u00a0linbastu och en\u00a0 skyttepaviljong. I bakgrunden \u00e5t h\u00f6ger syns &#8221;Bystan&#8221;. <\/span><\/span><\/p>\n<p><span style=\"font-family: Arial; font-size: small;\"><span style=\"font-family: Times New Roman; font-size: medium;\">F\u00f6r att komma till ber\u00e4ttelser om\u00a0 &#8221;De sju ursprungsg\u00e5rdarna&#8221;,\u00a0 &#8221;Byns jordbruksfastigheter och mark &#8221;samt &#8221;\u00d6vrig bebyggelse och delar av\u00a0 byn&#8221;<br \/>\nm\u00e5ste man &#8221;klicka&#8221;\u00a0p\u00e5 respektive rubrik.<\/span><\/span><\/p>\n","protected":false},"excerpt":{"rendered":"<p>F\u00f6rklaring till\u00a0 det svartvita kortet ovan; Kortet \u00e4r en del av ett vykort som \u00e4r taget\u00a0 fr\u00e5n Kasberget runt 1930-talet.G\u00e5rdarna fr\u00e5n v\u00e4nster \u00e4r: Olof Tomsg\u00e5rden,\u00a0 Skr\u00e4ddarg\u00e5rden och S\u00f6derg\u00e5rden. L\u00e4ngst ner till h\u00f6ger syns en\u00a0linbastu och en\u00a0 skyttepaviljong. I bakgrunden \u00e5t &hellip; <a href=\"https:\/\/www.senneby-by.se\/?page_id=140\">Forts\u00e4tt l\u00e4sa <span class=\"meta-nav\">&rarr;<\/span><\/a><\/p>\n","protected":false},"author":1,"featured_media":0,"parent":0,"menu_order":2,"comment_status":"closed","ping_status":"closed","template":"","meta":[],"_links":{"self":[{"href":"https:\/\/www.senneby-by.se\/index.php?rest_route=\/wp\/v2\/pages\/140"}],"collection":[{"href":"https:\/\/www.senneby-by.se\/index.php?rest_route=\/wp\/v2\/pages"}],"about":[{"href":"https:\/\/www.senneby-by.se\/index.php?rest_route=\/wp\/v2\/types\/page"}],"author":[{"embeddable":true,"href":"https:\/\/www.senneby-by.se\/index.php?rest_route=\/wp\/v2\/users\/1"}],"replies":[{"embeddable":true,"href":"https:\/\/www.senneby-by.se\/index.php?rest_route=%2Fwp%2Fv2%2Fcomments&post=140"}],"version-history":[{"count":13,"href":"https:\/\/www.senneby-by.se\/index.php?rest_route=\/wp\/v2\/pages\/140\/revisions"}],"predecessor-version":[{"id":751,"href":"https:\/\/www.senneby-by.se\/index.php?rest_route=\/wp\/v2\/pages\/140\/revisions\/751"}],"wp:attachment":[{"href":"https:\/\/www.senneby-by.se\/index.php?rest_route=%2Fwp%2Fv2%2Fmedia&parent=140"}],"curies":[{"name":"wp","href":"https:\/\/api.w.org\/{rel}","templated":true}]}}