{"id":1085,"date":"2015-09-07T12:29:47","date_gmt":"2015-09-07T11:29:47","guid":{"rendered":"http:\/\/www.senneby-by.se\/?page_id=1085"},"modified":"2015-09-07T19:58:46","modified_gmt":"2015-09-07T18:58:46","slug":"historia","status":"publish","type":"page","link":"https:\/\/www.senneby-by.se\/?page_id=1085","title":{"rendered":"Historia"},"content":{"rendered":"<p>Under\u00a0nedanst\u00e5ende tre flikar finns dokumentation om Senneby sett ur ett historiskt perspektiv.Tidsperioderna \u00e4r uppdelad i den \u00e4ldsta som 1800-tal och tidigare, d\u00e4refter 1900-tal och den senaste som 2000-talet.<\/p>\n","protected":false},"excerpt":{"rendered":"<p>Under\u00a0nedanst\u00e5ende tre flikar finns dokumentation om Senneby sett ur ett historiskt perspektiv.Tidsperioderna \u00e4r uppdelad i den \u00e4ldsta som 1800-tal och tidigare, d\u00e4refter 1900-tal och den senaste som 2000-talet.<\/p>\n","protected":false},"author":1,"featured_media":0,"parent":0,"menu_order":1,"comment_status":"closed","ping_status":"open","template":"","meta":[],"_links":{"self":[{"href":"https:\/\/www.senneby-by.se\/index.php?rest_route=\/wp\/v2\/pages\/1085"}],"collection":[{"href":"https:\/\/www.senneby-by.se\/index.php?rest_route=\/wp\/v2\/pages"}],"about":[{"href":"https:\/\/www.senneby-by.se\/index.php?rest_route=\/wp\/v2\/types\/page"}],"author":[{"embeddable":true,"href":"https:\/\/www.senneby-by.se\/index.php?rest_route=\/wp\/v2\/users\/1"}],"replies":[{"embeddable":true,"href":"https:\/\/www.senneby-by.se\/index.php?rest_route=%2Fwp%2Fv2%2Fcomments&post=1085"}],"version-history":[{"count":2,"href":"https:\/\/www.senneby-by.se\/index.php?rest_route=\/wp\/v2\/pages\/1085\/revisions"}],"predecessor-version":[{"id":1089,"href":"https:\/\/www.senneby-by.se\/index.php?rest_route=\/wp\/v2\/pages\/1085\/revisions\/1089"}],"wp:attachment":[{"href":"https:\/\/www.senneby-by.se\/index.php?rest_route=%2Fwp%2Fv2%2Fmedia&parent=1085"}],"curies":[{"name":"wp","href":"https:\/\/api.w.org\/{rel}","templated":true}]}}